{"id":1982,"date":"2025-10-23T12:42:59","date_gmt":"2025-10-23T12:42:59","guid":{"rendered":"https:\/\/fc-1919-pfeffingen.de\/wordpress\/?page_id=1982"},"modified":"2026-03-14T11:51:04","modified_gmt":"2026-03-14T11:51:04","slug":"ah-2","status":"publish","type":"page","link":"https:\/\/fc-1919-pfeffingen.de\/wordpress\/?page_id=1982","title":{"rendered":"AH"},"content":{"rendered":"\n<div class=\"wp-block-group alignfull is-layout-constrained wp-block-group-is-layout-constrained\" style=\"margin-top:0;margin-bottom:0;padding-top:64px;padding-bottom:64px\">\n<div class=\"wp-block-columns alignwide is-layout-flex wp-container-core-columns-is-layout-28232c24 wp-block-columns-is-layout-flex\">\n<div class=\"wp-block-column is-vertically-aligned-center is-layout-flow wp-block-column-is-layout-flow\" style=\"padding-top:24px;padding-right:24px;padding-bottom:24px;padding-left:24px\">\n<h2 class=\"wp-block-heading\">AH <\/h2>\n\n\n\n<div class=\"wp-block-columns is-layout-flex wp-container-core-columns-is-layout-28f84493 wp-block-columns-is-layout-flex\">\n<div class=\"wp-block-column is-layout-flow wp-block-column-is-layout-flow\">\n<p>Gekickt wird beim FCP auch in der AH. Die ewig jung gebliebenen beweisen hier Woche f\u00fcr Woche welche F\u00e4higkeiten auch nach der &#8222;Aktiven&#8220; Fu\u00dfballerkarriere noch in ihnen stecken.<br><br><strong>Trainingsort:<\/strong><br>Pfeffingen Sportplatz<\/p>\n\n\n\n<p><strong>Trainingszeiten<\/strong><br>Donnerstag 19:30 bis 21:00 Uhr<\/p>\n<\/div>\n<\/div>\n\n\n\n<figure class=\"wp-block-image aligncenter size-large\"><img loading=\"lazy\" decoding=\"async\" width=\"1024\" height=\"683\" src=\"https:\/\/fc-1919-pfeffingen.de\/wordpress\/wp-content\/uploads\/2025\/10\/AH-1024x683.jpeg\" alt=\"\" class=\"wp-image-1983\" srcset=\"https:\/\/fc-1919-pfeffingen.de\/wordpress\/wp-content\/uploads\/2025\/10\/AH-1024x683.jpeg 1024w, https:\/\/fc-1919-pfeffingen.de\/wordpress\/wp-content\/uploads\/2025\/10\/AH-300x200.jpeg 300w, https:\/\/fc-1919-pfeffingen.de\/wordpress\/wp-content\/uploads\/2025\/10\/AH-768x512.jpeg 768w, https:\/\/fc-1919-pfeffingen.de\/wordpress\/wp-content\/uploads\/2025\/10\/AH-1536x1024.jpeg 1536w, https:\/\/fc-1919-pfeffingen.de\/wordpress\/wp-content\/uploads\/2025\/10\/AH.jpeg 2048w\" sizes=\"auto, (max-width: 1024px) 100vw, 1024px\" \/><\/figure>\n\n\n\n<div class=\"wp-block-columns is-layout-flex wp-container-core-columns-is-layout-28f84493 wp-block-columns-is-layout-flex\">\n<div class=\"wp-block-column is-layout-flow wp-block-column-is-layout-flow\"><div class=\"fussballde_widget include-fussball-de-widgets\"  data-id=\"8694ca65-f110-436e-9eea-4cc1bde9ba86\"  data-type=\"competition\"><\/div>\n<\/div>\n<\/div>\n<\/div>\n<\/div>\n<\/div>\n","protected":false},"excerpt":{"rendered":"<p>AH Gekickt wird beim FCP auch in der AH. Die ewig jung gebliebenen beweisen hier Woche f\u00fcr Woche welche F\u00e4higkeiten auch nach der &#8222;Aktiven&#8220; Fu\u00dfballerkarriere noch in ihnen stecken. Trainingsort:Pfeffingen Sportplatz TrainingszeitenDonnerstag 19:30 bis 21:00 Uhr<\/p>\n","protected":false},"author":1,"featured_media":0,"parent":0,"menu_order":0,"comment_status":"closed","ping_status":"closed","template":"","meta":{"pgc_sgb_lightbox_settings":"","_kadence_starter_templates_imported_post":false,"footnotes":""},"class_list":["post-1982","page","type-page","status-publish","hentry"],"_links":{"self":[{"href":"https:\/\/fc-1919-pfeffingen.de\/wordpress\/index.php?rest_route=\/wp\/v2\/pages\/1982","targetHints":{"allow":["GET"]}}],"collection":[{"href":"https:\/\/fc-1919-pfeffingen.de\/wordpress\/index.php?rest_route=\/wp\/v2\/pages"}],"about":[{"href":"https:\/\/fc-1919-pfeffingen.de\/wordpress\/index.php?rest_route=\/wp\/v2\/types\/page"}],"author":[{"embeddable":true,"href":"https:\/\/fc-1919-pfeffingen.de\/wordpress\/index.php?rest_route=\/wp\/v2\/users\/1"}],"replies":[{"embeddable":true,"href":"https:\/\/fc-1919-pfeffingen.de\/wordpress\/index.php?rest_route=%2Fwp%2Fv2%2Fcomments&post=1982"}],"version-history":[{"count":4,"href":"https:\/\/fc-1919-pfeffingen.de\/wordpress\/index.php?rest_route=\/wp\/v2\/pages\/1982\/revisions"}],"predecessor-version":[{"id":2058,"href":"https:\/\/fc-1919-pfeffingen.de\/wordpress\/index.php?rest_route=\/wp\/v2\/pages\/1982\/revisions\/2058"}],"wp:attachment":[{"href":"https:\/\/fc-1919-pfeffingen.de\/wordpress\/index.php?rest_route=%2Fwp%2Fv2%2Fmedia&parent=1982"}],"curies":[{"name":"wp","href":"https:\/\/api.w.org\/{rel}","templated":true}]}}