{"id":1589,"date":"2024-05-20T13:01:55","date_gmt":"2024-05-20T13:01:55","guid":{"rendered":"https:\/\/fc-1919-pfeffingen.de\/wordpress\/?page_id=1589"},"modified":"2025-10-23T12:38:16","modified_gmt":"2025-10-23T12:38:16","slug":"jugend","status":"publish","type":"page","link":"https:\/\/fc-1919-pfeffingen.de\/wordpress\/?page_id=1589","title":{"rendered":"Jugend"},"content":{"rendered":"\n<div class=\"wp-block-columns is-layout-flex wp-container-core-columns-is-layout-28f84493 wp-block-columns-is-layout-flex\">\n<div class=\"wp-block-column is-layout-flow wp-block-column-is-layout-flow\">\n<div class=\"wp-block-columns is-layout-flex wp-container-core-columns-is-layout-28f84493 wp-block-columns-is-layout-flex\">\n<div class=\"wp-block-column is-layout-flow wp-block-column-is-layout-flow\"><\/div>\n<\/div>\n<\/div>\n\n\n\n<div class=\"wp-block-column is-layout-flow wp-block-column-is-layout-flow\"><\/div>\n<\/div>\n\n\n\n<div class=\"wp-block-group alignfull is-layout-constrained wp-block-group-is-layout-constrained\" style=\"margin-top:0;margin-bottom:0;padding-top:64px;padding-bottom:64px\">\n<h2 class=\"wp-block-heading has-text-align-center\">Selbstverst\u00e4ndnis und Nachwuchsf\u00f6rderung<\/h2>\n\n\n\n<div class=\"wp-block-columns alignwide is-layout-flex wp-container-core-columns-is-layout-28232c24 wp-block-columns-is-layout-flex\">\n<div class=\"wp-block-column is-vertically-aligned-center is-layout-flow wp-block-column-is-layout-flow\" style=\"padding-top:24px;padding-right:24px;padding-bottom:24px;padding-left:24px\">\n<p class=\"has-text-align-left\">Der FC Pfeffingen versteht sich als Basisverein in dem der Zusammenhalt und die Gemeinschaft die Basis f\u00fcr den sportlichen Erfolg liefern.<br>Wir sind stolz gemeinsam mit <strong>Daiber<\/strong> einen Partner in der Nachwuchsf\u00f6rderung gefunden zu haben der unseren Weg nachhaltig unterst\u00fctzt.<\/p>\n<\/div>\n\n\n\n<div class=\"wp-block-column is-layout-flow wp-block-column-is-layout-flow\">\n<figure class=\"wp-block-image size-large is-resized\"><img loading=\"lazy\" decoding=\"async\" width=\"1024\" height=\"679\" src=\"https:\/\/fc-1919-pfeffingen.de\/wordpress\/wp-content\/uploads\/2024\/07\/daiber-logo-claim-blau_RGB-1024x679.png\" alt=\"\" class=\"wp-image-1726\" style=\"width:250px\" srcset=\"https:\/\/fc-1919-pfeffingen.de\/wordpress\/wp-content\/uploads\/2024\/07\/daiber-logo-claim-blau_RGB-1024x679.png 1024w, https:\/\/fc-1919-pfeffingen.de\/wordpress\/wp-content\/uploads\/2024\/07\/daiber-logo-claim-blau_RGB-300x199.png 300w, https:\/\/fc-1919-pfeffingen.de\/wordpress\/wp-content\/uploads\/2024\/07\/daiber-logo-claim-blau_RGB-768x509.png 768w, https:\/\/fc-1919-pfeffingen.de\/wordpress\/wp-content\/uploads\/2024\/07\/daiber-logo-claim-blau_RGB-1536x1019.png 1536w, https:\/\/fc-1919-pfeffingen.de\/wordpress\/wp-content\/uploads\/2024\/07\/daiber-logo-claim-blau_RGB-2048x1358.png 2048w\" sizes=\"auto, (max-width: 1024px) 100vw, 1024px\" \/><\/figure>\n<\/div>\n\n\n\n<div class=\"wp-block-column is-layout-flow wp-block-column-is-layout-flow\"><\/div>\n<\/div>\n<\/div>\n\n\n\n<hr class=\"wp-block-separator has-alpha-channel-opacity is-style-wide\"\/>\n\n\n\n<div class=\"wp-block-group alignfull has-ti-bg-alt-background-color has-background is-layout-constrained wp-block-group-is-layout-constrained\" style=\"margin-top:0;margin-bottom:0;padding-top:64px;padding-bottom:64px\">\n<div class=\"wp-block-columns alignwide is-layout-flex wp-container-core-columns-is-layout-28232c24 wp-block-columns-is-layout-flex\">\n<div class=\"wp-block-column is-vertically-aligned-center is-layout-flow wp-block-column-is-layout-flow\" style=\"padding-top:24px;padding-right:24px;padding-bottom:24px;padding-left:24px\">\n<h2 class=\"wp-block-heading\">Bambini<\/h2>\n\n\n\n<p><strong>Trainer:<\/strong><br>Flo | Lukas | Sven | Niklas<br><strong>Trainingsort:<\/strong><br>Pfeffingen Sportplatz<\/p>\n\n\n\n<p><strong>Trainingszeiten:<\/strong><br>Freitag 16.30-17.30 Uhr<\/p>\n<\/div>\n\n\n\n<div class=\"wp-block-column is-layout-flow wp-block-column-is-layout-flow\">\n<figure class=\"wp-block-image size-full\"><img loading=\"lazy\" decoding=\"async\" width=\"1600\" height=\"1066\" src=\"https:\/\/fc-1919-pfeffingen.de\/wordpress\/wp-content\/uploads\/2025\/09\/Bambinie.jpg\" alt=\"\" class=\"wp-image-1818\" srcset=\"https:\/\/fc-1919-pfeffingen.de\/wordpress\/wp-content\/uploads\/2025\/09\/Bambinie.jpg 1600w, https:\/\/fc-1919-pfeffingen.de\/wordpress\/wp-content\/uploads\/2025\/09\/Bambinie-300x200.jpg 300w, https:\/\/fc-1919-pfeffingen.de\/wordpress\/wp-content\/uploads\/2025\/09\/Bambinie-1024x682.jpg 1024w, https:\/\/fc-1919-pfeffingen.de\/wordpress\/wp-content\/uploads\/2025\/09\/Bambinie-768x512.jpg 768w, https:\/\/fc-1919-pfeffingen.de\/wordpress\/wp-content\/uploads\/2025\/09\/Bambinie-1536x1023.jpg 1536w\" sizes=\"auto, (max-width: 1600px) 100vw, 1600px\" \/><\/figure>\n\n\n\n<div class=\"wp-block-buttons is-content-justification-center is-layout-flex wp-container-core-buttons-is-layout-a89b3969 wp-block-buttons-is-layout-flex\">\n<div class=\"wp-block-button\"><a class=\"wp-block-button__link has-text-align-center wp-element-button\" href=\"https:\/\/fc-1919-pfeffingen.de\/wordpress\/?page_id=1945\"><span style=\"font-size:30px;\">\ud83d\udd88<\/span> Zum Bambini Team<\/a><\/div>\n<\/div>\n<\/div>\n<\/div>\n<\/div>\n\n\n\n<div class=\"wp-block-group alignfull has-ti-bg-background-color has-background is-layout-constrained wp-block-group-is-layout-constrained\" style=\"margin-top:0;margin-bottom:0;padding-top:64px;padding-bottom:64px\">\n<div class=\"wp-block-columns alignwide is-layout-flex wp-container-core-columns-is-layout-28232c24 wp-block-columns-is-layout-flex\">\n<div class=\"wp-block-column is-vertically-aligned-center is-layout-flow wp-block-column-is-layout-flow\" style=\"padding-top:24px;padding-right:24px;padding-bottom:24px;padding-left:24px\">\n<h2 class=\"wp-block-heading\">F-Junioren<\/h2>\n\n\n\n<p><strong>Trainer: <\/strong><br>Isabel | Florian | Andreas  <br>Sammy | Felix<br>Janette | Angelina<br><strong>Trainingsort:<\/strong><br>Pfeffingen Sportplatz (oben)<br><strong>Trainingszeiten:<\/strong><br>Donnerstag 18:00 Uhr &#8211; 19:00 Uhr<\/p>\n<\/div>\n\n\n\n<div class=\"wp-block-column is-layout-flow wp-block-column-is-layout-flow\">\n<figure class=\"wp-block-image aligncenter size-large\"><img loading=\"lazy\" decoding=\"async\" width=\"1024\" height=\"682\" src=\"https:\/\/fc-1919-pfeffingen.de\/wordpress\/wp-content\/uploads\/2025\/10\/FJugend-1024x682.jpg\" alt=\"\" class=\"wp-image-1845\" srcset=\"https:\/\/fc-1919-pfeffingen.de\/wordpress\/wp-content\/uploads\/2025\/10\/FJugend-1024x682.jpg 1024w, https:\/\/fc-1919-pfeffingen.de\/wordpress\/wp-content\/uploads\/2025\/10\/FJugend-300x200.jpg 300w, https:\/\/fc-1919-pfeffingen.de\/wordpress\/wp-content\/uploads\/2025\/10\/FJugend-768x512.jpg 768w, https:\/\/fc-1919-pfeffingen.de\/wordpress\/wp-content\/uploads\/2025\/10\/FJugend-1536x1023.jpg 1536w, https:\/\/fc-1919-pfeffingen.de\/wordpress\/wp-content\/uploads\/2025\/10\/FJugend.jpg 1600w\" sizes=\"auto, (max-width: 1024px) 100vw, 1024px\" \/><\/figure>\n\n\n\n<div class=\"wp-block-buttons is-content-justification-center is-layout-flex wp-container-core-buttons-is-layout-a89b3969 wp-block-buttons-is-layout-flex\">\n<div class=\"wp-block-button\"><a class=\"wp-block-button__link has-text-align-center wp-element-button\" href=\"https:\/\/fc-1919-pfeffingen.de\/wordpress\/?page_id=1943\"><span style=\"font-size:30px;\">\ud83d\udd88<\/span> Zum F-Juniorenteam<\/a><\/div>\n<\/div>\n<\/div>\n<\/div>\n<\/div>\n\n\n\n<div class=\"wp-block-group alignfull has-ti-bg-alt-background-color has-background is-layout-constrained wp-block-group-is-layout-constrained\" style=\"margin-top:0;margin-bottom:0;padding-top:64px;padding-bottom:64px\">\n<div class=\"wp-block-columns alignwide is-layout-flex wp-container-core-columns-is-layout-28232c24 wp-block-columns-is-layout-flex\">\n<div class=\"wp-block-column is-vertically-aligned-center is-layout-flow wp-block-column-is-layout-flow\" style=\"padding-top:24px;padding-right:24px;padding-bottom:24px;padding-left:24px\">\n<h2 class=\"wp-block-heading\">E-Junioren<\/h2>\n\n\n\n<p><strong>Trainer: <\/strong><br>Michael | Bernd | Thomas | Stephan<br><strong>Trainingsort:<\/strong><br>Pfeffingen Sportplatz<\/p>\n\n\n\n<p><strong>Trainingszeiten:<\/strong><br>Montag: 17:30 Uhr &#8211; 19:00 Uhr<br>Mittwoch: 17:30 Uhr &#8211; 19:00 Uhr<\/p>\n<\/div>\n\n\n\n<div class=\"wp-block-column is-layout-flow wp-block-column-is-layout-flow\">\n<figure class=\"wp-block-image size-full is-resized\"><img loading=\"lazy\" decoding=\"async\" width=\"1600\" height=\"1066\" src=\"https:\/\/fc-1919-pfeffingen.de\/wordpress\/wp-content\/uploads\/2025\/09\/EJugend.jpg\" alt=\"\" class=\"wp-image-1817\" style=\"width:547px;height:auto\" srcset=\"https:\/\/fc-1919-pfeffingen.de\/wordpress\/wp-content\/uploads\/2025\/09\/EJugend.jpg 1600w, https:\/\/fc-1919-pfeffingen.de\/wordpress\/wp-content\/uploads\/2025\/09\/EJugend-300x200.jpg 300w, https:\/\/fc-1919-pfeffingen.de\/wordpress\/wp-content\/uploads\/2025\/09\/EJugend-1024x682.jpg 1024w, https:\/\/fc-1919-pfeffingen.de\/wordpress\/wp-content\/uploads\/2025\/09\/EJugend-768x512.jpg 768w, https:\/\/fc-1919-pfeffingen.de\/wordpress\/wp-content\/uploads\/2025\/09\/EJugend-1536x1023.jpg 1536w\" sizes=\"auto, (max-width: 1600px) 100vw, 1600px\" \/><\/figure>\n\n\n\n<div class=\"wp-block-buttons is-content-justification-center is-layout-flex wp-container-core-buttons-is-layout-a89b3969 wp-block-buttons-is-layout-flex\">\n<div class=\"wp-block-button\"><a class=\"wp-block-button__link has-text-align-center wp-element-button\" href=\"https:\/\/fc-1919-pfeffingen.de\/wordpress\/?page_id=1941\"><span style=\"font-size:30px;\">\ud83d\udd88<\/span> Zum E-Juniorenteam<\/a><\/div>\n<\/div>\n<\/div>\n<\/div>\n<\/div>\n\n\n\n<div class=\"wp-block-group alignfull has-ti-bg-background-color has-background is-layout-constrained wp-block-group-is-layout-constrained\" style=\"margin-top:0;margin-bottom:0;padding-top:64px;padding-bottom:64px\">\n<div class=\"wp-block-columns alignwide is-layout-flex wp-container-core-columns-is-layout-28232c24 wp-block-columns-is-layout-flex\">\n<div class=\"wp-block-column is-vertically-aligned-center is-layout-flow wp-block-column-is-layout-flow\" style=\"padding-top:24px;padding-right:24px;padding-bottom:24px;padding-left:24px\">\n<h2 class=\"wp-block-heading\">D-Junioren<\/h2>\n\n\n\n<p><strong><mark style=\"background-color:rgba(0, 0, 0, 0)\" class=\"has-inline-color has-ti-accent-secondary-color\">SGM Onstmettigen\/Pfeffingen<\/mark><\/strong><\/p>\n\n\n\n<p><strong>Trainer: <\/strong><br>Erik | Andreas | Tobias | Devid<br><br><strong>Trainingsort:<\/strong><br>Pfeffingen Sportplatz<\/p>\n\n\n\n<p><strong>Trainingszeiten:<\/strong><br>Dienstag: 18:00 Uhr &#8211; 19:30 Uhr<br>Donnerstag: 18:00 Uhr &#8211; 19:30 Uhr<\/p>\n<\/div>\n\n\n\n<div class=\"wp-block-column is-layout-flow wp-block-column-is-layout-flow\">\n<figure class=\"wp-block-image size-large\"><img loading=\"lazy\" decoding=\"async\" width=\"1024\" height=\"682\" src=\"https:\/\/fc-1919-pfeffingen.de\/wordpress\/wp-content\/uploads\/2025\/09\/9249e96d-2da3-46f0-82b4-313752bf0660-1024x682.jpg\" alt=\"\" class=\"wp-image-1814\" srcset=\"https:\/\/fc-1919-pfeffingen.de\/wordpress\/wp-content\/uploads\/2025\/09\/9249e96d-2da3-46f0-82b4-313752bf0660-1024x682.jpg 1024w, https:\/\/fc-1919-pfeffingen.de\/wordpress\/wp-content\/uploads\/2025\/09\/9249e96d-2da3-46f0-82b4-313752bf0660-300x200.jpg 300w, https:\/\/fc-1919-pfeffingen.de\/wordpress\/wp-content\/uploads\/2025\/09\/9249e96d-2da3-46f0-82b4-313752bf0660-768x512.jpg 768w, https:\/\/fc-1919-pfeffingen.de\/wordpress\/wp-content\/uploads\/2025\/09\/9249e96d-2da3-46f0-82b4-313752bf0660-1536x1023.jpg 1536w, https:\/\/fc-1919-pfeffingen.de\/wordpress\/wp-content\/uploads\/2025\/09\/9249e96d-2da3-46f0-82b4-313752bf0660.jpg 1600w\" sizes=\"auto, (max-width: 1024px) 100vw, 1024px\" \/><\/figure>\n\n\n\n<div class=\"wp-block-buttons is-content-justification-center is-layout-flex wp-container-core-buttons-is-layout-a89b3969 wp-block-buttons-is-layout-flex\">\n<div class=\"wp-block-button\"><a class=\"wp-block-button__link has-text-align-center wp-element-button\" href=\"https:\/\/fc-1919-pfeffingen.de\/wordpress\/?page_id=1827\u2197\"><span style=\"font-size:30px;\">\ud83d\udd88<\/span> Zum D-Juniorenteam<\/a><\/div>\n<\/div>\n<\/div>\n<\/div>\n<\/div>\n\n\n\n<div class=\"wp-block-group alignfull has-ti-bg-alt-background-color has-background is-layout-constrained wp-block-group-is-layout-constrained\" style=\"margin-top:0;margin-bottom:0;padding-top:64px;padding-bottom:64px\">\n<div class=\"wp-block-columns alignwide is-layout-flex wp-container-core-columns-is-layout-28232c24 wp-block-columns-is-layout-flex\">\n<div class=\"wp-block-column is-vertically-aligned-center is-layout-flow wp-block-column-is-layout-flow\" style=\"padding-top:24px;padding-right:24px;padding-bottom:24px;padding-left:24px\">\n<h2 class=\"wp-block-heading\">C-Junioren<\/h2>\n\n\n\n<p><mark style=\"background-color: rgba(0, 0, 0, 0);\" class=\"has-inline-color has-ti-accent-secondary-color\"><b>SGM <\/b><\/mark><strong><mark style=\"background-color:rgba(0, 0, 0, 0)\" class=\"has-inline-color has-ti-accent-secondary-color\">Pfeffingen<\/mark><strong><mark style=\"background-color:rgba(0, 0, 0, 0)\" class=\"has-inline-color has-ti-accent-secondary-color\">\/<\/mark><\/strong><mark style=\"background-color:rgba(0, 0, 0, 0)\" class=\"has-inline-color has-ti-accent-secondary-color\">Onstmettingen<\/mark><\/strong><\/p>\n\n\n\n<p><strong>Trainer: <\/strong><br>Bastian | Heiko | Felix<br><br><strong>Trainingsort:<\/strong><br>Pfeffingen Sportplatz<\/p>\n\n\n\n<p><strong>Trainingszeiten<\/strong><br>Dienstag: 18:00 Uhr &#8211; 19:30 Uhr<br>Donnerstag: 18:00 Uhr &#8211; 19:30 Uhr<\/p>\n\n\n\n<p><br><br><\/p>\n<\/div>\n\n\n\n<div class=\"wp-block-column is-layout-flow wp-block-column-is-layout-flow\">\n<figure class=\"wp-block-image size-full is-style-default\"><img loading=\"lazy\" decoding=\"async\" width=\"1600\" height=\"1066\" src=\"https:\/\/fc-1919-pfeffingen.de\/wordpress\/wp-content\/uploads\/2025\/09\/CJugend.jpg\" alt=\"\" class=\"wp-image-1819\" srcset=\"https:\/\/fc-1919-pfeffingen.de\/wordpress\/wp-content\/uploads\/2025\/09\/CJugend.jpg 1600w, https:\/\/fc-1919-pfeffingen.de\/wordpress\/wp-content\/uploads\/2025\/09\/CJugend-300x200.jpg 300w, https:\/\/fc-1919-pfeffingen.de\/wordpress\/wp-content\/uploads\/2025\/09\/CJugend-1024x682.jpg 1024w, https:\/\/fc-1919-pfeffingen.de\/wordpress\/wp-content\/uploads\/2025\/09\/CJugend-768x512.jpg 768w, https:\/\/fc-1919-pfeffingen.de\/wordpress\/wp-content\/uploads\/2025\/09\/CJugend-1536x1023.jpg 1536w\" sizes=\"auto, (max-width: 1600px) 100vw, 1600px\" \/><\/figure>\n\n\n\n<div class=\"wp-block-buttons is-content-justification-center is-layout-flex wp-container-core-buttons-is-layout-a89b3969 wp-block-buttons-is-layout-flex\">\n<div class=\"wp-block-button\"><a class=\"wp-block-button__link has-text-align-center wp-element-button\" href=\"https:\/\/fc-1919-pfeffingen.de\/wordpress\/?page_id=1937\"><span style=\"font-size:30px;\">\ud83d\udd88<\/span> Zum C-Juniorenteam<\/a><\/div>\n<\/div>\n<\/div>\n<\/div>\n<\/div>\n\n\n\n<div class=\"wp-block-group alignfull has-ti-bg-background-color has-background is-layout-constrained wp-block-group-is-layout-constrained\" style=\"margin-top:0;margin-bottom:0;padding-top:64px;padding-bottom:64px\">\n<div class=\"wp-block-columns alignwide is-layout-flex wp-container-core-columns-is-layout-28232c24 wp-block-columns-is-layout-flex\">\n<div class=\"wp-block-column is-vertically-aligned-center is-layout-flow wp-block-column-is-layout-flow\" style=\"padding-top:24px;padding-right:24px;padding-bottom:24px;padding-left:24px\">\n<h2 class=\"wp-block-heading\">B-Junioren<\/h2>\n\n\n\n<p><strong><mark style=\"background-color:rgba(0, 0, 0, 0)\" class=\"has-inline-color has-ti-accent-secondary-color\">SGM Onstmetttigen\/Pfeffingen<\/mark><\/strong><\/p>\n\n\n\n<p><strong>Trainer: <\/strong><br>Michael| Steffen<br><br><strong>Trainingsort:<\/strong><br>Onstmettingen Sportplatz<br><br><strong>Trainingszeiten:<\/strong><br>Dienstag: 18:30 Uhr &#8211; 20:00 Uhr<br>Donnerstag: 18:30 Uhr &#8211; 20:00 Uhr<\/p>\n<\/div>\n\n\n\n<div class=\"wp-block-column is-layout-flow wp-block-column-is-layout-flow\">\n<figure class=\"wp-block-image size-full is-resized\"><img loading=\"lazy\" decoding=\"async\" width=\"1600\" height=\"1066\" src=\"https:\/\/fc-1919-pfeffingen.de\/wordpress\/wp-content\/uploads\/2025\/09\/BJugend.jpg\" alt=\"\" class=\"wp-image-1820\" style=\"width:544px;height:auto\" srcset=\"https:\/\/fc-1919-pfeffingen.de\/wordpress\/wp-content\/uploads\/2025\/09\/BJugend.jpg 1600w, https:\/\/fc-1919-pfeffingen.de\/wordpress\/wp-content\/uploads\/2025\/09\/BJugend-300x200.jpg 300w, https:\/\/fc-1919-pfeffingen.de\/wordpress\/wp-content\/uploads\/2025\/09\/BJugend-1024x682.jpg 1024w, https:\/\/fc-1919-pfeffingen.de\/wordpress\/wp-content\/uploads\/2025\/09\/BJugend-768x512.jpg 768w, https:\/\/fc-1919-pfeffingen.de\/wordpress\/wp-content\/uploads\/2025\/09\/BJugend-1536x1023.jpg 1536w\" sizes=\"auto, (max-width: 1600px) 100vw, 1600px\" \/><\/figure>\n\n\n\n<div class=\"wp-block-buttons is-content-justification-center is-layout-flex wp-container-core-buttons-is-layout-a89b3969 wp-block-buttons-is-layout-flex\">\n<div class=\"wp-block-button\"><a class=\"wp-block-button__link has-text-align-center wp-element-button\" href=\"https:\/\/fc-1919-pfeffingen.de\/wordpress\/?page_id=1935\"><span style=\"font-size:30px;\">\ud83d\udd88<\/span> Zum B-Juniorenteam<\/a><\/div>\n<\/div>\n<\/div>\n<\/div>\n<\/div>\n\n\n\n<div class=\"wp-block-group alignfull has-ti-bg-alt-background-color has-background is-layout-constrained wp-block-group-is-layout-constrained\" style=\"margin-top:0;margin-bottom:0;padding-top:64px;padding-bottom:64px\">\n<div class=\"wp-block-columns alignwide is-layout-flex wp-container-core-columns-is-layout-28232c24 wp-block-columns-is-layout-flex\">\n<div class=\"wp-block-column is-vertically-aligned-center is-layout-flow wp-block-column-is-layout-flow\" style=\"padding-top:24px;padding-right:24px;padding-bottom:24px;padding-left:24px\">\n<h2 class=\"wp-block-heading\">A-Junioren<\/h2>\n\n\n\n<p><strong><mark style=\"background-color:rgba(0, 0, 0, 0)\" class=\"has-inline-color has-ti-accent-secondary-color\">SGM Pfeffingen\/Onstmettingen<\/mark><\/strong><\/p>\n\n\n\n<p><strong>Trainer: <\/strong><br>Marten<\/p>\n\n\n\n<p><br><strong>Trainingsort:<\/strong><br>Onstmettingen Sportplatz<\/p>\n\n\n\n<p><strong>Trainingszeiten<\/strong><br>Montag: 18:00 Uhr &#8211; 20:00 Uhr<br>Donnerstag: 18:00 Uhr &#8211; 20:00 Uhr<\/p>\n\n\n\n<p><br><br><\/p>\n<\/div>\n\n\n\n<div class=\"wp-block-column is-layout-flow wp-block-column-is-layout-flow\">\n<figure class=\"wp-block-image size-large\"><img loading=\"lazy\" decoding=\"async\" width=\"1024\" height=\"682\" src=\"https:\/\/fc-1919-pfeffingen.de\/wordpress\/wp-content\/uploads\/2025\/09\/AJugend-1024x682.jpg\" alt=\"\" class=\"wp-image-1821\" srcset=\"https:\/\/fc-1919-pfeffingen.de\/wordpress\/wp-content\/uploads\/2025\/09\/AJugend-1024x682.jpg 1024w, https:\/\/fc-1919-pfeffingen.de\/wordpress\/wp-content\/uploads\/2025\/09\/AJugend-300x200.jpg 300w, https:\/\/fc-1919-pfeffingen.de\/wordpress\/wp-content\/uploads\/2025\/09\/AJugend-768x512.jpg 768w, https:\/\/fc-1919-pfeffingen.de\/wordpress\/wp-content\/uploads\/2025\/09\/AJugend-1536x1023.jpg 1536w, https:\/\/fc-1919-pfeffingen.de\/wordpress\/wp-content\/uploads\/2025\/09\/AJugend.jpg 1600w\" sizes=\"auto, (max-width: 1024px) 100vw, 1024px\" \/><\/figure>\n\n\n\n<div class=\"wp-block-buttons is-content-justification-center is-layout-flex wp-container-core-buttons-is-layout-a89b3969 wp-block-buttons-is-layout-flex\">\n<div class=\"wp-block-button\"><a class=\"wp-block-button__link has-text-align-center wp-element-button\" href=\"https:\/\/fc-1919-pfeffingen.de\/wordpress\/?page_id=1852\"><span style=\"font-size:30px;\">\ud83d\udd88<\/span> Zum A-Juniorenteam<\/a><\/div>\n<\/div>\n<\/div>\n<\/div>\n<\/div>\n","protected":false},"excerpt":{"rendered":"<p>Selbstverst\u00e4ndnis und Nachwuchsf\u00f6rderung Der FC Pfeffingen versteht sich als Basisverein in dem der Zusammenhalt und die Gemeinschaft die Basis f\u00fcr den sportlichen Erfolg liefern.Wir sind stolz gemeinsam mit Daiber einen Partner in der Nachwuchsf\u00f6rderung gefunden zu haben der unseren Weg nachhaltig unterst\u00fctzt. Bambini Trainer:Flo | Lukas | Sven | NiklasTrainingsort:Pfeffingen Sportplatz Trainingszeiten:Freitag 16.30-17.30 Uhr F-Junioren [&hellip;]<\/p>\n","protected":false},"author":1,"featured_media":0,"parent":0,"menu_order":0,"comment_status":"closed","ping_status":"closed","template":"","meta":{"pgc_sgb_lightbox_settings":"","_kadence_starter_templates_imported_post":false,"footnotes":""},"class_list":["post-1589","page","type-page","status-publish","hentry"],"_links":{"self":[{"href":"https:\/\/fc-1919-pfeffingen.de\/wordpress\/index.php?rest_route=\/wp\/v2\/pages\/1589","targetHints":{"allow":["GET"]}}],"collection":[{"href":"https:\/\/fc-1919-pfeffingen.de\/wordpress\/index.php?rest_route=\/wp\/v2\/pages"}],"about":[{"href":"https:\/\/fc-1919-pfeffingen.de\/wordpress\/index.php?rest_route=\/wp\/v2\/types\/page"}],"author":[{"embeddable":true,"href":"https:\/\/fc-1919-pfeffingen.de\/wordpress\/index.php?rest_route=\/wp\/v2\/users\/1"}],"replies":[{"embeddable":true,"href":"https:\/\/fc-1919-pfeffingen.de\/wordpress\/index.php?rest_route=%2Fwp%2Fv2%2Fcomments&post=1589"}],"version-history":[{"count":39,"href":"https:\/\/fc-1919-pfeffingen.de\/wordpress\/index.php?rest_route=\/wp\/v2\/pages\/1589\/revisions"}],"predecessor-version":[{"id":1981,"href":"https:\/\/fc-1919-pfeffingen.de\/wordpress\/index.php?rest_route=\/wp\/v2\/pages\/1589\/revisions\/1981"}],"wp:attachment":[{"href":"https:\/\/fc-1919-pfeffingen.de\/wordpress\/index.php?rest_route=%2Fwp%2Fv2%2Fmedia&parent=1589"}],"curies":[{"name":"wp","href":"https:\/\/api.w.org\/{rel}","templated":true}]}}