{"id":1579,"date":"2024-05-20T10:35:23","date_gmt":"2024-05-20T10:35:23","guid":{"rendered":"https:\/\/fc-1919-pfeffingen.de\/wordpress\/?page_id=1579"},"modified":"2026-04-08T06:42:15","modified_gmt":"2026-04-08T06:42:15","slug":"c-l-u-b-h-e-i-m","status":"publish","type":"page","link":"https:\/\/fc-1919-pfeffingen.de\/wordpress\/?page_id=1579","title":{"rendered":"C L U B H E I M"},"content":{"rendered":"\n<div class=\"wp-block-columns is-layout-flex wp-container-core-columns-is-layout-28f84493 wp-block-columns-is-layout-flex\">\n<div class=\"wp-block-column is-layout-flow wp-block-column-is-layout-flow\" style=\"flex-basis:100%\">\n<h2 class=\"wp-block-heading has-text-align-center\">Das &#8222;CLUBI&#8220;<\/h2>\n\n\n\n<p><\/p>\n\n\n\n<p class=\"has-text-align-center\">Unser Clubheim ist seit vielen Jahren Treffpunkt des Vereins. Ob nach einem Training oder Spiel oder zum Austausch mit Vereinsmitgliedern. Das &#8222;Clubi&#8220; ist die Heimat f\u00fcr alle FCP Freunde.<\/p>\n\n\n\n<p class=\"has-text-align-center\">Jede Woche welchselnde Speisepl\u00e4ne bieten kulinarische Abwechslung. Garantiert ist f\u00fcr jeden etwas dabei.<br><\/p>\n\n\n\n<p class=\"has-text-align-center\"><strong>\u00d6ffnungszeiten<\/strong>: <\/p>\n\n\n\n<figure class=\"wp-block-table\"><table class=\"has-fixed-layout\"><tbody><tr><td>Montag<\/td><td>Geschlossen<\/td><\/tr><tr><td>Dienstag<\/td><td>16:00\u201322:00<\/td><\/tr><tr><td>Mittwoch<\/td><td>16:00\u201322:00<\/td><\/tr><tr><td>Donnerstag<\/td><td>16:00\u201322:00<\/td><\/tr><tr><td>Freitag<\/td><td>16:00\u201300:00<\/td><\/tr><tr><td>Samstag<\/td><td>15:00\u201300:00<\/td><\/tr><tr><td>Sonntag<\/td><td>16:00\u201300:00<\/td><\/tr><\/tbody><\/table><\/figure>\n\n\n\n<figure class=\"wp-block-image aligncenter size-full is-resized\"><img loading=\"lazy\" decoding=\"async\" width=\"512\" height=\"512\" src=\"https:\/\/fc-1919-pfeffingen.de\/wordpress\/wp-content\/uploads\/2024\/05\/13936.png\" alt=\"\" class=\"wp-image-1694\" style=\"width:31px;height:auto\" srcset=\"https:\/\/fc-1919-pfeffingen.de\/wordpress\/wp-content\/uploads\/2024\/05\/13936.png 512w, https:\/\/fc-1919-pfeffingen.de\/wordpress\/wp-content\/uploads\/2024\/05\/13936-300x300.png 300w, https:\/\/fc-1919-pfeffingen.de\/wordpress\/wp-content\/uploads\/2024\/05\/13936-150x150.png 150w\" sizes=\"auto, (max-width: 512px) 100vw, 512px\" \/><\/figure>\n<\/div>\n<\/div>\n\n\n\n<div class=\"wp-block-columns is-layout-flex wp-container-core-columns-is-layout-28f84493 wp-block-columns-is-layout-flex\">\n<div class=\"wp-block-column is-layout-flow wp-block-column-is-layout-flow\">\n<p class=\"has-text-align-center\">Reservierungen nimmt Kubi gerne unter folgender Nummer entgegen: 07432\/6622<\/p>\n<\/div>\n<\/div>\n\n\n\n<p><\/p>\n\n\n\n<p class=\"has-text-align-center\"><strong>Die Aktuelle Spiesekarte dieser Woche:<\/strong><\/p>\n\n\n\n<figure class=\"wp-block-image aligncenter size-large\"><img loading=\"lazy\" decoding=\"async\" width=\"756\" height=\"1024\" src=\"https:\/\/fc-1919-pfeffingen.de\/wordpress\/wp-content\/uploads\/2026\/04\/WhatsApp-Image-2026-04-02-at-13.57.56-756x1024.jpeg\" alt=\"\" class=\"wp-image-2068\" srcset=\"https:\/\/fc-1919-pfeffingen.de\/wordpress\/wp-content\/uploads\/2026\/04\/WhatsApp-Image-2026-04-02-at-13.57.56-756x1024.jpeg 756w, https:\/\/fc-1919-pfeffingen.de\/wordpress\/wp-content\/uploads\/2026\/04\/WhatsApp-Image-2026-04-02-at-13.57.56-221x300.jpeg 221w, https:\/\/fc-1919-pfeffingen.de\/wordpress\/wp-content\/uploads\/2026\/04\/WhatsApp-Image-2026-04-02-at-13.57.56-768x1040.jpeg 768w, https:\/\/fc-1919-pfeffingen.de\/wordpress\/wp-content\/uploads\/2026\/04\/WhatsApp-Image-2026-04-02-at-13.57.56-1134x1536.jpeg 1134w, https:\/\/fc-1919-pfeffingen.de\/wordpress\/wp-content\/uploads\/2026\/04\/WhatsApp-Image-2026-04-02-at-13.57.56.jpeg 1181w\" sizes=\"auto, (max-width: 756px) 100vw, 756px\" \/><\/figure>\n","protected":false},"excerpt":{"rendered":"<p>Das &#8222;CLUBI&#8220; Unser Clubheim ist seit vielen Jahren Treffpunkt des Vereins. Ob nach einem Training oder Spiel oder zum Austausch mit Vereinsmitgliedern. Das &#8222;Clubi&#8220; ist die Heimat f\u00fcr alle FCP Freunde. Jede Woche welchselnde Speisepl\u00e4ne bieten kulinarische Abwechslung. Garantiert ist f\u00fcr jeden etwas dabei. \u00d6ffnungszeiten: Montag Geschlossen Dienstag 16:00\u201322:00 Mittwoch 16:00\u201322:00 Donnerstag 16:00\u201322:00 Freitag 16:00\u201300:00 [&hellip;]<\/p>\n","protected":false},"author":1,"featured_media":0,"parent":0,"menu_order":0,"comment_status":"closed","ping_status":"closed","template":"","meta":{"pgc_sgb_lightbox_settings":"","_kadence_starter_templates_imported_post":false,"footnotes":""},"class_list":["post-1579","page","type-page","status-publish","hentry"],"_links":{"self":[{"href":"https:\/\/fc-1919-pfeffingen.de\/wordpress\/index.php?rest_route=\/wp\/v2\/pages\/1579","targetHints":{"allow":["GET"]}}],"collection":[{"href":"https:\/\/fc-1919-pfeffingen.de\/wordpress\/index.php?rest_route=\/wp\/v2\/pages"}],"about":[{"href":"https:\/\/fc-1919-pfeffingen.de\/wordpress\/index.php?rest_route=\/wp\/v2\/types\/page"}],"author":[{"embeddable":true,"href":"https:\/\/fc-1919-pfeffingen.de\/wordpress\/index.php?rest_route=\/wp\/v2\/users\/1"}],"replies":[{"embeddable":true,"href":"https:\/\/fc-1919-pfeffingen.de\/wordpress\/index.php?rest_route=%2Fwp%2Fv2%2Fcomments&post=1579"}],"version-history":[{"count":20,"href":"https:\/\/fc-1919-pfeffingen.de\/wordpress\/index.php?rest_route=\/wp\/v2\/pages\/1579\/revisions"}],"predecessor-version":[{"id":2072,"href":"https:\/\/fc-1919-pfeffingen.de\/wordpress\/index.php?rest_route=\/wp\/v2\/pages\/1579\/revisions\/2072"}],"wp:attachment":[{"href":"https:\/\/fc-1919-pfeffingen.de\/wordpress\/index.php?rest_route=%2Fwp%2Fv2%2Fmedia&parent=1579"}],"curies":[{"name":"wp","href":"https:\/\/api.w.org\/{rel}","templated":true}]}}